{"id":204,"date":"2014-12-31T03:22:46","date_gmt":"2014-12-31T03:22:46","guid":{"rendered":"http:\/\/localhost\/devMeminz\/?page_id=204"},"modified":"2023-05-31T19:15:10","modified_gmt":"2023-05-31T19:15:10","slug":"home-alt2","status":"publish","type":"page","link":"https:\/\/alfacloud.com.do\/","title":{"rendered":"Inicio"},"content":{"rendered":"<p>[vc_row ses_id=&#8221;inicio&#8221; ses_class=&#8221;home-wrapper parallax polygon-bg&#8221; layout=&#8221;home_ticker_sec&#8221; css=&#8221;.vc_custom_1683515862009{background-image: url(https:\/\/alfacloud.com.do\/wp-content\/uploads\/2023\/05\/bg-top-dark.jpg?id=460) !important;}&#8221;][vc_column offset=&#8221;vc_col-md-offset-1 vc_col-md-10&#8243;][home_ticker title=&#8221;Alfa Software Erp&#8221; subtitle=&#8221;\u00bfTe preocupa la complejidad y la falta de eficiencia en la gesti\u00f3n de tu negocio, ya sea una ferreter\u00eda, farmacia, restaurante, bar, supermercado, cl\u00ednica, zona franca, importadora o tienda? \u00bfEst\u00e1s cansado de lidiar con m\u00faltiples sistemas y procesos manuales que consumen tiempo y recursos valiosos? La soluci\u00f3n est\u00e1 aqu\u00ed: Alfa Software Cloud. Podr\u00e1s decir adi\u00f3s a los problemas de gesti\u00f3n obsoletos y disfrutar de una soluci\u00f3n integral en la nube dise\u00f1ada espec\u00edficamente para adaptarse a las necesidades de tu sector. Desde la gesti\u00f3n de ventas y pedidos hasta el control de inventario, reportes fiscales y m\u00e1s, Alfa Software Cloud ofrece una plataforma todo en uno que transformar\u00e1 la forma en que gestionas tu negocio. Descubre c\u00f3mo Alfa Software Cloud puede llevar tu ferreter\u00eda, farmacia, restaurante, bar, supermercado, cl\u00ednica, zona franca, importadora o tienda al siguiente nivel de eficiencia y \u00e9xito.&#8221; link_video=&#8221;&#8221; text_btn1=&#8221;&#8221; text_btn2=&#8221;Ver Demo&#8221; link_btn2=&#8221;https:\/\/www.alfasoftwarecloud.com&#8221;][home_slider images_slider=&#8221;99&#8243; attachid=&#8221;99&#8243;][home_slider_item images_slider=&#8221;450&#8243;][\/home_slider_item][home_slider_item images_slider=&#8221;452&#8243;][\/home_slider_item][\/home_slider][\/vc_column][\/vc_row][vc_row ses_id=&#8221;features&#8221; ses_title=&#8221;Caracter\u00edsticas&#8221; ses_subtitle=&#8221;Todas las funciones para Administrar, Controlar y Crecer tu Negocio&#8221; layout=&#8221;features_sec&#8221;][vc_column offset=&#8221;vc_col-md-4&#8243;][featurebox icon=&#8221;cart&#8221; title=&#8221;Facturaci\u00f3n F\u00e1cil&#8221; link=&#8221;&#8221;]Crea tus facturas de forma f\u00e1cil con un clic.[\/featurebox][featurebox icon=&#8221;graph&#8221; title=&#8221;Contabilidad inteligente&#8221; link=&#8221;&#8221;]Facilita la contabilidad y potencia tu trabajo Haz f\u00e1cil tus asientos contables y visualiza los informes financieros.[\/featurebox][\/vc_column][vc_column offset=&#8221;vc_col-md-4&#8243;][featurebox icon=&#8221;note&#8221; title=&#8221;Inventario online&#8221; link=&#8221;&#8221;]Organiza todo por almacenes y alcanza el control en tiempo real.[\/featurebox][featurebox icon=&#8221;graph&#8221; title=&#8221;Impresora Fiscal y Factura Electr\u00f3nica&#8221; link=&#8221;&#8221;]Actualizado acorde a los requerimientos de la DGII.[\/featurebox][\/vc_column][vc_column offset=&#8221;vc_col-md-4&#8243;][featurebox icon=&#8221;culture&#8221; title=&#8221;Multi-Empresa&#8221; link=&#8221;&#8221;]Facilita la contabilidad para un grupo de empresas[\/featurebox][featurebox icon=&#8221;note2&#8243; title=&#8221;Reportes y formularios fiscales&#8221; link=&#8221;&#8221;]Elabora al instante tus reportes de la DGII y los que necesitas a diario.[\/featurebox][\/vc_column][\/vc_row][vc_row ses_id=&#8221;description&#8221; layout=&#8221;des_sec&#8221;][vc_column animation=&#8221;yes&#8221; effect=&#8221;fadeInLeft&#8221; delay=&#8221;0.4s&#8221; offset=&#8221;vc_col-md-7&#8243;][vc_single_image image=&#8221;113&#8243; img_size=&#8221;full&#8221;][\/vc_column][vc_column animation=&#8221;yes&#8221; effect=&#8221;fadeInRight&#8221; delay=&#8221;0.4s&#8221; el_class=&#8221;margintop40&#8243; offset=&#8221;vc_col-md-5&#8243;][vc_accordion active_tab=&#8221;1&#8243; id=&#8221;parentID&#8221; style=&#8221;style1&#8243;][vc_accordion_tab title=&#8221;TIPOS DE PRODUCTOS&#8221; parentid=&#8221;parentID&#8221; icon=&#8221;chevron-down&#8221;][vc_column_text]<\/p>\n<ul>\n<li>Ferreter\u00eda<\/li>\n<li>Recursos Humanos.<\/li>\n<li>Software de Nomina.<\/li>\n<li>Software de Activos Fijos.<\/li>\n<li>Supermercado<\/li>\n<li>Tienda<\/li>\n<li>Repuesto<\/li>\n<li>Importadora<\/li>\n<li>Zonas Francas<\/li>\n<li>Farmacia<\/li>\n<li>Constructora<\/li>\n<li>Restaurante<\/li>\n<li>Cafeter\u00edas<\/li>\n<li>Corredores de Seguros<\/li>\n<li>Centros de Hierros<\/li>\n<li>Software para Cl\u00ednica y Hospitales<\/li>\n<li>Inmobiliaria<\/li>\n<li>F\u00e1brica de Agregado<\/li>\n<li>Gesti\u00f3n de Proyecto<\/li>\n<li>Mantenimientos y gesti\u00f3n de Inmuebles.<\/li>\n<li>Laboratorio de Medicamentos<\/li>\n<li>Contabilidad x Igualas<\/li>\n<\/ul>\n<p>[\/vc_column_text][\/vc_accordion_tab][\/vc_accordion][\/vc_column][\/vc_row][vc_row ses_id=&#8221;counter-wrapper&#8221; ses_title=&#8221;M\u00e1s de 1000 empresas utilizan ALFACLOUD&#8221; ses_subtitle=&#8221;Brindamos soluciones de software para multiples tipos de empresas.&#8221; layout=&#8221;download_sec&#8221; css=&#8221;.vc_custom_1683499214232{background-color: #6c6d70 !important;}&#8221;][vc_column width=&#8221;1\/3&#8243;][counter_num id=&#8221;download&#8221; title=&#8221;Clientes&#8221;][\/counter_num][\/vc_column][vc_column width=&#8221;1\/3&#8243;][counter_num id=&#8221;android&#8221; title=&#8221;Usuarios&#8221; number=&#8221;3256&#8243;][\/counter_num][\/vc_column][vc_column width=&#8221;1\/3&#8243;][counter_num id=&#8221;view&#8221; title=&#8221;Areas Negocios&#8221; number=&#8221;360&#8243;][\/counter_num][\/vc_column][\/vc_row][vc_row ses_id=&#8221;screenshot&#8221; ses_title=&#8221;Pantallas&#8221; ses_subtitle=&#8221;Captura de pantalla de nuestros productos&#8221; layout=&#8221;screenshot_sec&#8221;][vc_column animation=&#8221;yes&#8221; effect=&#8221;fadeInUp&#8221; delay=&#8221;0.4s&#8221; offset=&#8221;vc_col-md-offset-1 vc_col-md-10&#8243;][screenshot_slider attachid=&#8221;131&#8243;][screenshot_slider_item images_slider=&#8221;628&#8243;][\/screenshot_slider_item][screenshot_slider_item images_slider=&#8221;630&#8243;][\/screenshot_slider_item][screenshot_slider_item images_slider=&#8221;632&#8243;][\/screenshot_slider_item][screenshot_slider_item images_slider=&#8221;634&#8243;][\/screenshot_slider_item][\/screenshot_slider][\/vc_column][\/vc_row][vc_row ses_id=&#8221;pricing&#8221; ses_title=&#8221;Planes&#8221; ses_subtitle=&#8221;Para cada necesidad de su empresa.&#8221; layout=&#8221;pricing_sec&#8221;][vc_column offset=&#8221;vc_col-md-4&#8243;][vc_column_text]<\/p>\n<div class=\"pricing-wrapper\">\n<div class=\"pricing-head\">\n<h4><strong>PEQUE\u00d1A<\/strong><\/h4>\n<p><!-- (PRECIO 3,000 RD$) --><\/div>\n<ul>\n<li><strong>FACTURACION<\/strong><\/li>\n<li><strong>INVENTARIO<\/strong><\/li>\n<li><strong>COMPRAS<\/strong><\/li>\n<li><strong>CXC<\/strong><\/li>\n<li><strong>CXP<\/strong><\/li>\n<li><strong>FACTURAS ILIMITADAS AL MES<\/strong><\/li>\n<li><strong>REPORTES B\u00c1SICOS.<\/strong><\/li>\n<li><strong>5 USUARIOS<\/strong><\/li>\n<\/ul>\n<\/div>\n<p>[\/vc_column_text][\/vc_column][vc_column offset=&#8221;vc_col-md-4&#8243;][vc_column_text]<\/p>\n<div class=\"pricing-wrapper\">\n<div class=\"pricing-head popular\">\n<h4><strong>MEDIA<\/strong><\/h4>\n<p><!-- (PRECIO 5,000 RD$) --><\/div>\n<ul>\n<li><strong>FACTURACION<\/strong><\/li>\n<li><strong>INVENTARIO<\/strong><\/li>\n<li><strong>COMPRAS<\/strong><\/li>\n<li><strong>CXC<\/strong><\/li>\n<li><strong>CXP<\/strong><\/li>\n<li><strong>BANCO<\/strong><\/li>\n<li><strong>CONTABILIDAD<\/strong><\/li>\n<li><strong>CAJA CHICA<\/strong><\/li>\n<li><strong>ESTADOS FINANCIEROS<\/strong><\/li>\n<li><strong>FACTURAS ILIMITADAS AL MES<\/strong><\/li>\n<li><strong>N\u00d3MINA<\/strong><\/li>\n<li><strong>REPORTES PERSONALIZADO<\/strong><\/li>\n<li><strong>10 USUARIO<\/strong><\/li>\n<\/ul>\n<\/div>\n<p>[\/vc_column_text][\/vc_column][vc_column offset=&#8221;vc_col-md-4&#8243;][vc_column_text]<\/p>\n<div class=\"pricing-wrapper\">\n<div class=\"pricing-head\">\n<h4><strong>GRANDE<\/strong><\/h4>\n<p><!-- (PRECIO 6,500 RD$) --><\/div>\n<ul>\n<li><strong>FACTURACION<\/strong><\/li>\n<li><strong>INVENTARIO<\/strong><\/li>\n<li><strong>COMPRAS<\/strong><\/li>\n<li><strong>CXC<\/strong><\/li>\n<li><strong>CXP<\/strong><\/li>\n<li><strong>BANCO<\/strong><\/li>\n<li><strong>CONTABILIDAD<\/strong><\/li>\n<li><strong>CAJA CHICA<\/strong><\/li>\n<li><strong>ESTADOS FINANCIEROS<\/strong><\/li>\n<li><strong>RRHH <\/strong><\/li>\n<li><strong>N\u00d3MINA<\/strong><\/li>\n<li><strong>REPORTES PERSONALIZADOS<\/strong><\/li>\n<li><strong>ACTIVOS FIJOS<\/strong><\/li>\n<li><strong>FACTURAS ILIMITADAS AL MES<\/strong><\/li>\n<li><strong>30+ USUARIOS<\/strong><\/li>\n<\/ul>\n<\/div>\n<p>[\/vc_column_text][\/vc_column][\/vc_row][vc_row full_width=&#8221;stretch_row_content_no_spaces&#8221; gap=&#8221;10&#8243; ses_id=&#8221;download2&#8243; ses_title=&#8221;Sobre Nosotros&#8221; layout=&#8221;pricing_sec&#8221; css=&#8221;.vc_custom_1683497727670{background-color: #f59a44 !important;}&#8221;][vc_column width=&#8221;1\/3&#8243;][featurebox icon=&#8221;&#8221; title=&#8221;Propuesta&#8221; link=&#8221;&#8221;]Nuestra propuesta de valor \u00fanica es que proporcionamos tecnolog\u00eda moderna a nuestros clientes a un precio asequible.[\/featurebox][\/vc_column][vc_column width=&#8221;1\/3&#8243;][featurebox icon=&#8221;&#8221; title=&#8221;Mision&#8221; link=&#8221;&#8221;]Nuestra misi\u00f3n es esforzarnos siempre por superar las expectativas de los clientes mediante una innovaci\u00f3n significativa y soluciones accesibles.[\/featurebox][\/vc_column][vc_column width=&#8221;1\/3&#8243;][featurebox icon=&#8221;&#8221; title=&#8221;Visi\u00f3n&#8221; link=&#8221;&#8221;]Nuestra visi\u00f3n es seguir creando productos que ayuden a las empresas a tener \u00e9xito en todos los aspectos de su gesti\u00f3n, independientemente de su tama\u00f1o o sector de actividad.[\/featurebox][\/vc_column][\/vc_row][vc_row ses_id=&#8221;clients&#8221; layout=&#8221;screenshot_sec&#8221;][vc_column el_id=&#8221;clients&#8221;]\n\t<ul class=\"client-list clients-per-row-4\"\">\n\t<li>\n\t<ul>\n\t<li>\n\t<a href=\"\" class=\"client-link\" target=\"_blank\">\n\t<span class=\"logo-hover\"><img decoding=\"async\" src=\"https:\/\/alfacloud.com.do\/wp-content\/uploads\/2023\/05\/01-maria.png\" alt=\"\" \/><\/span>\n\t<img decoding=\"async\" src=\"https:\/\/alfacloud.com.do\/wp-content\/uploads\/2023\/05\/01-maria.png\" class=\"client-logo\" alt=\"\" \/>\n\t<\/a>\n\t<\/li>\n\t<li>\n\t<a href=\"\" class=\"client-link\" target=\"_blank\">\n\t<span class=\"logo-hover\"><img decoding=\"async\" src=\"https:\/\/alfacloud.com.do\/wp-content\/uploads\/2023\/05\/02-cmb.jpg\" alt=\"\" \/><\/span>\n\t<img decoding=\"async\" src=\"https:\/\/alfacloud.com.do\/wp-content\/uploads\/2023\/05\/02-cmb.jpg\" class=\"client-logo\" alt=\"\" \/>\n\t<\/a>\n\t<\/li>\n\t<li>\n\t<a href=\"\" class=\"client-link\" target=\"_blank\">\n\t<span class=\"logo-hover\"><img decoding=\"async\" src=\"https:\/\/alfacloud.com.do\/wp-content\/uploads\/2023\/05\/03-thomen.jpg\" alt=\"\" \/><\/span>\n\t<img decoding=\"async\" src=\"https:\/\/alfacloud.com.do\/wp-content\/uploads\/2023\/05\/03-thomen.jpg\" class=\"client-logo\" alt=\"\" \/>\n\t<\/a>\n\t<\/li>\n\t<li class=\"last\">\n\t<a href=\"\" class=\"client-link\" target=\"_blank\">\n\t<span class=\"logo-hover\"><img decoding=\"async\" src=\"https:\/\/alfacloud.com.do\/wp-content\/uploads\/2023\/05\/04-bluewave.jpg\" alt=\"\" \/><\/span>\n\t<img decoding=\"async\" src=\"https:\/\/alfacloud.com.do\/wp-content\/uploads\/2023\/05\/04-bluewave.jpg\" class=\"client-logo\" alt=\"\" \/>\n\t<\/a>\n\t<\/li>\n\t<\/ul>\n\t<\/li>\n\t<li>\n\t<ul>\n\t<li>\n\t<a href=\"\" class=\"client-link\" target=\"_blank\">\n\t<span class=\"logo-hover\"><img decoding=\"async\" src=\"https:\/\/alfacloud.com.do\/wp-content\/uploads\/2023\/05\/05-plasencia.jpg\" alt=\"\" \/><\/span>\n\t<img decoding=\"async\" src=\"https:\/\/alfacloud.com.do\/wp-content\/uploads\/2023\/05\/05-plasencia.jpg\" class=\"client-logo\" alt=\"\" \/>\n\t<\/a>\n\t<\/li>\n\t<li>\n\t<a href=\"\" class=\"client-link\" target=\"_blank\">\n\t<span class=\"logo-hover\"><img decoding=\"async\" src=\"https:\/\/alfacloud.com.do\/wp-content\/uploads\/2023\/05\/06-swisher.jpg\" alt=\"\" \/><\/span>\n\t<img decoding=\"async\" src=\"https:\/\/alfacloud.com.do\/wp-content\/uploads\/2023\/05\/06-swisher.jpg\" class=\"client-logo\" alt=\"\" \/>\n\t<\/a>\n\t<\/li>\n\t<li>\n\t<a href=\"\" class=\"client-link\" target=\"_blank\">\n\t<span class=\"logo-hover\"><img decoding=\"async\" src=\"https:\/\/alfacloud.com.do\/wp-content\/uploads\/2023\/05\/07-zona-franca.jpg\" alt=\"\" \/><\/span>\n\t<img decoding=\"async\" src=\"https:\/\/alfacloud.com.do\/wp-content\/uploads\/2023\/05\/07-zona-franca.jpg\" class=\"client-logo\" alt=\"\" \/>\n\t<\/a>\n\t<\/li>\n\t<li class=\"last\">\n\t<a href=\"\" class=\"client-link\" target=\"_blank\">\n\t<span class=\"logo-hover\"><img decoding=\"async\" src=\"https:\/\/alfacloud.com.do\/wp-content\/uploads\/2023\/05\/08-parque.jpg\" alt=\"\" \/><\/span>\n\t<img decoding=\"async\" src=\"https:\/\/alfacloud.com.do\/wp-content\/uploads\/2023\/05\/08-parque.jpg\" class=\"client-logo\" alt=\"\" \/>\n\t<\/a>\n\t<\/li>\n\t<\/ul>\n\t<\/li>\n\t<li>\n\t<ul>\n\t<li>\n\t<a href=\"\" class=\"client-link\" target=\"_blank\">\n\t<span class=\"logo-hover\"><img decoding=\"async\" src=\"https:\/\/alfacloud.com.do\/wp-content\/uploads\/2023\/05\/09-concretos.jpg\" alt=\"\" \/><\/span>\n\t<img decoding=\"async\" src=\"https:\/\/alfacloud.com.do\/wp-content\/uploads\/2023\/05\/09-concretos.jpg\" class=\"client-logo\" alt=\"\" \/>\n\t<\/a>\n\t<\/li>\n\t<li>\n\t<a href=\"\" class=\"client-link\" target=\"_blank\">\n\t<span class=\"logo-hover\"><img decoding=\"async\" src=\"https:\/\/alfacloud.com.do\/wp-content\/uploads\/2023\/05\/10-metria.jpg\" alt=\"\" \/><\/span>\n\t<img decoding=\"async\" src=\"https:\/\/alfacloud.com.do\/wp-content\/uploads\/2023\/05\/10-metria.jpg\" class=\"client-logo\" alt=\"\" \/>\n\t<\/a>\n\t<\/li>\n\t<li>\n\t<a href=\"\" class=\"client-link\" target=\"_blank\">\n\t<span class=\"logo-hover\"><img decoding=\"async\" src=\"https:\/\/alfacloud.com.do\/wp-content\/uploads\/2023\/05\/11-saga.jpg\" alt=\"\" \/><\/span>\n\t<img decoding=\"async\" src=\"https:\/\/alfacloud.com.do\/wp-content\/uploads\/2023\/05\/11-saga.jpg\" class=\"client-logo\" alt=\"\" \/>\n\t<\/a>\n\t<\/li>\n\t<li class=\"last\">\n\t<a href=\"\" class=\"client-link\" target=\"_blank\">\n\t<span class=\"logo-hover\"><img decoding=\"async\" src=\"https:\/\/alfacloud.com.do\/wp-content\/uploads\/2023\/05\/12-quesada.jpg\" alt=\"\" \/><\/span>\n\t<img decoding=\"async\" src=\"https:\/\/alfacloud.com.do\/wp-content\/uploads\/2023\/05\/12-quesada.jpg\" class=\"client-logo\" alt=\"\" \/>\n\t<\/a>\n\t<\/li>\n\t<\/ul>\n\t<\/li>\n\t<li>\n\t<ul>\n\t<li>\n\t<a href=\"\" class=\"client-link\" target=\"_blank\">\n\t<span class=\"logo-hover\"><img decoding=\"async\" src=\"https:\/\/alfacloud.com.do\/wp-content\/uploads\/2023\/05\/13-seamtec.jpg\" alt=\"\" \/><\/span>\n\t<img decoding=\"async\" src=\"https:\/\/alfacloud.com.do\/wp-content\/uploads\/2023\/05\/13-seamtec.jpg\" class=\"client-logo\" alt=\"\" \/>\n\t<\/a>\n\t<\/li>\n\t<li>\n\t<a href=\"\" class=\"client-link\" target=\"_blank\">\n\t<span class=\"logo-hover\"><img decoding=\"async\" src=\"https:\/\/alfacloud.com.do\/wp-content\/uploads\/2023\/05\/15-jacaranda.jpg\" alt=\"\" \/><\/span>\n\t<img decoding=\"async\" src=\"https:\/\/alfacloud.com.do\/wp-content\/uploads\/2023\/05\/15-jacaranda.jpg\" class=\"client-logo\" alt=\"\" \/>\n\t<\/a>\n\t<\/li>\n\t<li>\n\t<a href=\"\" class=\"client-link\" target=\"_blank\">\n\t<span class=\"logo-hover\"><img decoding=\"async\" src=\"https:\/\/alfacloud.com.do\/wp-content\/uploads\/2023\/05\/16-sequisa.jpg\" alt=\"\" \/><\/span>\n\t<img decoding=\"async\" src=\"https:\/\/alfacloud.com.do\/wp-content\/uploads\/2023\/05\/16-sequisa.jpg\" class=\"client-logo\" alt=\"\" \/>\n\t<\/a>\n\t<\/li>\n\t<li class=\"last\">\n\t<a href=\"\" class=\"client-link\" target=\"_blank\">\n\t<span class=\"logo-hover\"><img decoding=\"async\" src=\"https:\/\/alfacloud.com.do\/wp-content\/uploads\/2023\/05\/17-luresa.jpg\" alt=\"\" \/><\/span>\n\t<img decoding=\"async\" src=\"https:\/\/alfacloud.com.do\/wp-content\/uploads\/2023\/05\/17-luresa.jpg\" class=\"client-logo\" alt=\"\" \/>\n\t<\/a>\n\t<\/li>\n\t<\/ul>\n\t<\/li>\n\t<li>\n\t<ul>\n\t<li>\n\t<a href=\"\" class=\"client-link\" target=\"_blank\">\n\t<span class=\"logo-hover\"><img decoding=\"async\" src=\"https:\/\/alfacloud.com.do\/wp-content\/uploads\/2023\/05\/18-puntual.jpg\" alt=\"\" \/><\/span>\n\t<img decoding=\"async\" src=\"https:\/\/alfacloud.com.do\/wp-content\/uploads\/2023\/05\/18-puntual.jpg\" class=\"client-logo\" alt=\"\" \/>\n\t<\/a>\n\t<\/li>\n\t<li>\n\t<a href=\"\" class=\"client-link\" target=\"_blank\">\n\t<span class=\"logo-hover\"><img decoding=\"async\" src=\"https:\/\/alfacloud.com.do\/wp-content\/uploads\/2023\/05\/19-igtec.jpg\" alt=\"\" \/><\/span>\n\t<img decoding=\"async\" src=\"https:\/\/alfacloud.com.do\/wp-content\/uploads\/2023\/05\/19-igtec.jpg\" class=\"client-logo\" alt=\"\" \/>\n\t<\/a>\n\t<\/li>\n\t<li>\n\t<a href=\"\" class=\"client-link\" target=\"_blank\">\n\t<span class=\"logo-hover\"><img decoding=\"async\" src=\"https:\/\/alfacloud.com.do\/wp-content\/uploads\/2023\/05\/20-seminsa.jpg\" alt=\"\" \/><\/span>\n\t<img decoding=\"async\" src=\"https:\/\/alfacloud.com.do\/wp-content\/uploads\/2023\/05\/20-seminsa.jpg\" class=\"client-logo\" alt=\"\" \/>\n\t<\/a>\n\t<\/li>\n\t<li class=\"last\">\n\t<a href=\"\" class=\"client-link\" target=\"_blank\">\n\t<span class=\"logo-hover\"><img decoding=\"async\" src=\"https:\/\/alfacloud.com.do\/wp-content\/uploads\/2023\/05\/21-costura.jpg\" alt=\"\" \/><\/span>\n\t<img decoding=\"async\" src=\"https:\/\/alfacloud.com.do\/wp-content\/uploads\/2023\/05\/21-costura.jpg\" class=\"client-logo\" alt=\"\" \/>\n\t<\/a>\n\t<\/li>\n\t<\/ul>\n\t<\/li>\n\t<li class=\"bottom-list\">\n\t<ul>\n\t<li>\n\t<a href=\"\" class=\"client-link\" target=\"_blank\">\n\t<span class=\"logo-hover\"><img decoding=\"async\" src=\"https:\/\/alfacloud.com.do\/wp-content\/uploads\/2023\/05\/22-rsl.jpg\" alt=\"\" \/><\/span>\n\t<img decoding=\"async\" src=\"https:\/\/alfacloud.com.do\/wp-content\/uploads\/2023\/05\/22-rsl.jpg\" class=\"client-logo\" alt=\"\" \/>\n\t<\/a>\n\t<\/li>\n\t<li>\n\t<a href=\"\" class=\"client-link\" target=\"_blank\">\n\t<span class=\"logo-hover\"><img decoding=\"async\" src=\"https:\/\/alfacloud.com.do\/wp-content\/uploads\/2023\/05\/23-jaya.jpg\" alt=\"\" \/><\/span>\n\t<img decoding=\"async\" src=\"https:\/\/alfacloud.com.do\/wp-content\/uploads\/2023\/05\/23-jaya.jpg\" class=\"client-logo\" alt=\"\" \/>\n\t<\/a>\n\t<\/li>\n\t<li>\n\t<a href=\"\" class=\"client-link\" target=\"_blank\">\n\t<span class=\"logo-hover\"><img decoding=\"async\" src=\"https:\/\/alfacloud.com.do\/wp-content\/uploads\/2023\/05\/24-patricia.jpg\" alt=\"\" \/><\/span>\n\t<img decoding=\"async\" src=\"https:\/\/alfacloud.com.do\/wp-content\/uploads\/2023\/05\/24-patricia.jpg\" class=\"client-logo\" alt=\"\" \/>\n\t<\/a>\n\t<\/li>\n\t<li class=\"last\">\n\t<a href=\"\" class=\"client-link\" target=\"_blank\">\n\t<span class=\"logo-hover\"><img decoding=\"async\" src=\"https:\/\/alfacloud.com.do\/wp-content\/uploads\/2023\/05\/25-enda.jpg\" alt=\"\" \/><\/span>\n\t<img decoding=\"async\" src=\"https:\/\/alfacloud.com.do\/wp-content\/uploads\/2023\/05\/25-enda.jpg\" class=\"client-logo\" alt=\"\" \/>\n\t<\/a>\n\t<\/li>\n\t<\/ul>\n\t<\/li>\n\t<\/ul>[\/vc_column][\/vc_row][vc_row ses_id=&#8221;contact&#8221; ses_title=&#8221;Contacto&#8221; layout=&#8221;contact_sec&#8221; css=&#8221;.vc_custom_1637635195578{background-image: url(http:\/\/demowp.cththemes.net\/meminzv2\/wp-content\/uploads\/2014\/12\/bg4.jpg?id=389) !important;}&#8221;][vc_column animation=&#8221;yes&#8221; effect=&#8221;fadeInDown&#8221; delay=&#8221;0.4s&#8221; offset=&#8221;vc_col-md-offset-1 vc_col-md-10&#8243;][vc_column_text]<strong>Direccion:<\/strong> Av. Antonio guzman, Reparto los Billeteros #7 La Barranquita, Santiago. Republica Dominicana<\/p>\n<p><strong>Telefonos:<\/strong><br \/>\n809-464-3846 \/ 849-937-3937[\/vc_column_text]\n<div class=\"wpcf7 no-js\" id=\"wpcf7-f195-o1\" lang=\"en-US\" dir=\"ltr\">\n<div class=\"screen-reader-response\"><p role=\"status\" aria-live=\"polite\" aria-atomic=\"true\"><\/p> <ul><\/ul><\/div>\n<form action=\"\/index.php\/wp-json\/wp\/v2\/pages\/204#wpcf7-f195-o1\" method=\"post\" class=\"wpcf7-form init\" aria-label=\"Contact form\" novalidate=\"novalidate\" data-status=\"init\">\n<div style=\"display: none;\">\n<input type=\"hidden\" name=\"_wpcf7\" value=\"195\" \/>\n<input type=\"hidden\" name=\"_wpcf7_version\" value=\"5.7.5.1\" \/>\n<input type=\"hidden\" name=\"_wpcf7_locale\" value=\"en_US\" \/>\n<input type=\"hidden\" name=\"_wpcf7_unit_tag\" value=\"wpcf7-f195-o1\" \/>\n<input type=\"hidden\" name=\"_wpcf7_container_post\" value=\"0\" \/>\n<input type=\"hidden\" name=\"_wpcf7_posted_data_hash\" value=\"\" \/>\n<\/div>\n<div class=\"clearfix\">\n<\/div>\n<ul class=\"listForm\">\n\t<li>\n\t\t<p><i class=\"pe-7s-users\"><\/i><span class=\"wpcf7-form-control-wrap\" data-name=\"your-name\"><input size=\"40\" class=\"wpcf7-form-control wpcf7-text wpcf7-validates-as-required form-control input-name\" aria-required=\"true\" aria-invalid=\"false\" placeholder=\"Nombre Completo\" value=\"\" type=\"text\" name=\"your-name\" \/><\/span>\n\t\t<\/p>\n\t<\/li>\n\t<li>\n\t\t<p><i class=\"pe-7s-mail\"><\/i><span class=\"wpcf7-form-control-wrap\" data-name=\"your-email\"><input size=\"40\" class=\"wpcf7-form-control wpcf7-text wpcf7-email wpcf7-validates-as-required wpcf7-validates-as-email form-control input-email\" aria-required=\"true\" aria-invalid=\"false\" placeholder=\"Correo Electronico\" value=\"\" type=\"email\" name=\"your-email\" \/><\/span>\n\t\t<\/p>\n\t<\/li>\n\t<li class=\"push\">\n\t\t<p><i class=\"pe-7s-paper-plane\"><\/i><span class=\"wpcf7-form-control-wrap\" data-name=\"your-message\"><textarea cols=\"40\" rows=\"6\" class=\"wpcf7-form-control wpcf7-textarea wpcf7-validates-as-required form-control input-message\" aria-required=\"true\" aria-invalid=\"false\" placeholder=\"Mensaje\" name=\"your-message\"><\/textarea><\/span>\n\t\t<\/p>\n\t<\/li>\n\t<li class=\"push text-center\">\n\t\t<p><input class=\"wpcf7-form-control has-spinner wpcf7-submit btn btn-primary btn-lg\" type=\"submit\" value=\"Enviar\" \/>\n\t\t<\/p>\n\t<\/li>\n<\/ul><div class=\"wpcf7-response-output\" aria-hidden=\"true\"><\/div>\n<\/form>\n<\/div>\n[\/vc_column][\/vc_row]<\/p>\n","protected":false},"excerpt":{"rendered":"<p>[vc_row ses_id=&#8221;inicio&#8221; ses_class=&#8221;home-wrapper parallax polygon-bg&#8221; layout=&#8221;home_ticker_sec&#8221; css=&#8221;.vc_custom_1683515862009{background-image: url(https:\/\/alfacloud.com.do\/wp-content\/uploads\/2023\/05\/bg-top-dark.jpg?id=460) !important;}&#8221;][vc_column offset=&#8221;vc_col-md-offset-1 vc_col-md-10&#8243;][home_ticker title=&#8221;Alfa Software Erp&#8221; subtitle=&#8221;\u00bfTe preocupa la complejidad y la falta de eficiencia en la gesti\u00f3n de tu negocio, ya sea una ferreter\u00eda, farmacia, restaurante, bar, supermercado, cl\u00ednica, zona franca, importadora o tienda? \u00bfEst\u00e1s cansado de lidiar con m\u00faltiples sistemas y procesos manuales que consumen &hellip; <\/p>\n","protected":false},"author":1,"featured_media":0,"parent":0,"menu_order":0,"comment_status":"open","ping_status":"closed","template":"homepage.php","meta":{"footnotes":""},"class_list":["post-204","page","type-page","status-publish","hentry"],"_links":{"self":[{"href":"https:\/\/alfacloud.com.do\/index.php\/wp-json\/wp\/v2\/pages\/204","targetHints":{"allow":["GET"]}}],"collection":[{"href":"https:\/\/alfacloud.com.do\/index.php\/wp-json\/wp\/v2\/pages"}],"about":[{"href":"https:\/\/alfacloud.com.do\/index.php\/wp-json\/wp\/v2\/types\/page"}],"author":[{"embeddable":true,"href":"https:\/\/alfacloud.com.do\/index.php\/wp-json\/wp\/v2\/users\/1"}],"replies":[{"embeddable":true,"href":"https:\/\/alfacloud.com.do\/index.php\/wp-json\/wp\/v2\/comments?post=204"}],"version-history":[{"count":148,"href":"https:\/\/alfacloud.com.do\/index.php\/wp-json\/wp\/v2\/pages\/204\/revisions"}],"predecessor-version":[{"id":667,"href":"https:\/\/alfacloud.com.do\/index.php\/wp-json\/wp\/v2\/pages\/204\/revisions\/667"}],"wp:attachment":[{"href":"https:\/\/alfacloud.com.do\/index.php\/wp-json\/wp\/v2\/media?parent=204"}],"curies":[{"name":"wp","href":"https:\/\/api.w.org\/{rel}","templated":true}]}}